{"id":94568,"date":"2018-04-15T10:26:09","date_gmt":"2018-04-15T14:26:09","guid":{"rendered":"https:\/\/staging.nidotruche.com\/produit\/uncategorized\/safari-dun-jour\/"},"modified":"2025-06-13T16:01:25","modified_gmt":"2025-06-13T20:01:25","slug":"safari-dun-jour","status":"publish","type":"product","link":"https:\/\/staging.nidotruche.com\/en\/product\/tickets\/safari-dun-jour\/","title":{"rendered":"EN Safari d&#8217;un jour"},"content":{"rendered":"<p>EN Visites aux 60 minutes,<br \/>\npremier d\u00e9part \u00e0 10h15 et dernier d\u00e9part \u00e0 15h15<\/p>\n","protected":false},"excerpt":{"rendered":"<p>EN Visites aux 60 minutes, premier d\u00e9part \u00e0 10h15 et dernier d\u00e9part \u00e0 15h15<\/p>\n","protected":false},"featured_media":31730,"comment_status":"closed","ping_status":"closed","template":"","meta":{"_acf_changed":false},"product_brand":[],"product_cat":[82],"product_tag":[],"class_list":{"0":"post-94568","1":"product","2":"type-product","3":"status-publish","4":"has-post-thumbnail","6":"product_cat-tickets","8":"first","9":"instock","10":"virtual","11":"sold-individually","12":"taxable","13":"purchasable","14":"product-type-booking"},"acf":[],"_links":{"self":[{"href":"https:\/\/staging.nidotruche.com\/en\/wp-json\/wp\/v2\/product\/94568","targetHints":{"allow":["GET"]}}],"collection":[{"href":"https:\/\/staging.nidotruche.com\/en\/wp-json\/wp\/v2\/product"}],"about":[{"href":"https:\/\/staging.nidotruche.com\/en\/wp-json\/wp\/v2\/types\/product"}],"replies":[{"embeddable":true,"href":"https:\/\/staging.nidotruche.com\/en\/wp-json\/wp\/v2\/comments?post=94568"}],"wp:featuredmedia":[{"embeddable":true,"href":"https:\/\/staging.nidotruche.com\/en\/wp-json\/wp\/v2\/media\/31730"}],"wp:attachment":[{"href":"https:\/\/staging.nidotruche.com\/en\/wp-json\/wp\/v2\/media?parent=94568"}],"wp:term":[{"taxonomy":"product_brand","embeddable":true,"href":"https:\/\/staging.nidotruche.com\/en\/wp-json\/wp\/v2\/product_brand?post=94568"},{"taxonomy":"product_cat","embeddable":true,"href":"https:\/\/staging.nidotruche.com\/en\/wp-json\/wp\/v2\/product_cat?post=94568"},{"taxonomy":"product_tag","embeddable":true,"href":"https:\/\/staging.nidotruche.com\/en\/wp-json\/wp\/v2\/product_tag?post=94568"}],"curies":[{"name":"wp","href":"https:\/\/api.w.org\/{rel}","templated":true}]}}