{"id":82815,"date":"2024-05-05T20:20:26","date_gmt":"2024-05-06T00:20:26","guid":{"rendered":"https:\/\/staging.nidotruche.com\/my-account\/"},"modified":"2024-05-05T20:21:06","modified_gmt":"2024-05-06T00:21:06","slug":"my-account","status":"publish","type":"page","link":"https:\/\/staging.nidotruche.com\/en\/my-account\/","title":{"rendered":"My account"},"content":{"rendered":"\t\t<div data-elementor-type=\"wp-page\" data-elementor-id=\"82815\" class=\"elementor elementor-82815 elementor-82400\" data-elementor-post-type=\"page\">\n\t\t\t\t<div class=\"elementor-element elementor-element-596ae262 e-con-full e-flex e-con e-parent\" data-id=\"596ae262\" data-element_type=\"container\">\n\t\t\t\t<div class=\"elementor-element elementor-element-37891bab e-my-account-tabs-vertical elementor-widget elementor-widget-woocommerce-my-account\" data-id=\"37891bab\" data-element_type=\"widget\" data-widget_type=\"woocommerce-my-account.default\">\n\t\t\t\t<div class=\"elementor-widget-container\">\n\t\t\t\t\t<div class=\"e-my-account-tab e-my-account-tab__ \">\t\t\t<div class=\"woocommerce\"><\/div>\t\t<\/div>\n\t\t\t\t\t\t<\/div>\n\t\t\t\t<\/div>\n\t\t\t\t<\/div>\n\t\t\t\t<\/div>\n\t\t","protected":false},"excerpt":{"rendered":"<p>Dashboard Carte cadeau Orders Downloads Addresses Moyens de paiement Account details R\u00e9servations Log off Bonjour designium (vous n\u2019\u00eates pas designium\u00a0? D\u00e9connexion) \u00c0 partir du tableau de bord de votre compte, vous pouvez visualiser vos commandes r\u00e9centes, g\u00e9rer vos adresses de livraison et de facturation ainsi que changer votre mot de passe et les d\u00e9tails de [&hellip;]<\/p>\n","protected":false},"author":1,"featured_media":0,"parent":0,"menu_order":10,"comment_status":"closed","ping_status":"closed","template":"","meta":{"_acf_changed":false,"footnotes":""},"class_list":["post-82815","page","type-page","status-publish","hentry"],"acf":[],"_links":{"self":[{"href":"https:\/\/staging.nidotruche.com\/en\/wp-json\/wp\/v2\/pages\/82815","targetHints":{"allow":["GET"]}}],"collection":[{"href":"https:\/\/staging.nidotruche.com\/en\/wp-json\/wp\/v2\/pages"}],"about":[{"href":"https:\/\/staging.nidotruche.com\/en\/wp-json\/wp\/v2\/types\/page"}],"author":[{"embeddable":true,"href":"https:\/\/staging.nidotruche.com\/en\/wp-json\/wp\/v2\/users\/1"}],"replies":[{"embeddable":true,"href":"https:\/\/staging.nidotruche.com\/en\/wp-json\/wp\/v2\/comments?post=82815"}],"version-history":[{"count":0,"href":"https:\/\/staging.nidotruche.com\/en\/wp-json\/wp\/v2\/pages\/82815\/revisions"}],"wp:attachment":[{"href":"https:\/\/staging.nidotruche.com\/en\/wp-json\/wp\/v2\/media?parent=82815"}],"curies":[{"name":"wp","href":"https:\/\/api.w.org\/{rel}","templated":true}]}}